{"id":500,"date":"2022-03-31T10:30:08","date_gmt":"2022-03-31T08:30:08","guid":{"rendered":"https:\/\/www.hotelcrnivrh.rs\/?page_id=500"},"modified":"2026-04-09T12:17:09","modified_gmt":"2026-04-09T10:17:09","slug":"kontakt","status":"publish","type":"page","link":"https:\/\/riverbridge.me\/sr\/kontakt\/","title":{"rendered":"Kontakt"},"content":{"rendered":"\n<blockquote class=\"wp-block-quote is-layout-flow wp-block-quote-is-layout-flow\">\n<blockquote class=\"wp-block-quote is-layout-flow wp-block-quote-is-layout-flow\">\n<p>Zahvaljuju\u0107i odli\u010dnoj lokaciji, modernim sadr\u017eajima i visokom nivou usluge, River Bridge Hotel predstavlja idealan izbor za goste koji \u017eele udoban, elegantan i autenti\u010dan boravak u srcu crnogorske prirode.<\/p>\n<\/blockquote>\n<\/blockquote>\n\n\n\n<p><\/p>\n","protected":false},"excerpt":{"rendered":"","protected":false},"author":1,"featured_media":3532,"parent":0,"menu_order":0,"comment_status":"closed","ping_status":"closed","template":"templates\/template-contact.php","meta":{"footnotes":""},"class_list":["post-500","page","type-page","status-publish","has-post-thumbnail","hentry"],"acf":[],"_links":{"self":[{"href":"https:\/\/riverbridge.me\/sr\/wp-json\/wp\/v2\/pages\/500","targetHints":{"allow":["GET"]}}],"collection":[{"href":"https:\/\/riverbridge.me\/sr\/wp-json\/wp\/v2\/pages"}],"about":[{"href":"https:\/\/riverbridge.me\/sr\/wp-json\/wp\/v2\/types\/page"}],"author":[{"embeddable":true,"href":"https:\/\/riverbridge.me\/sr\/wp-json\/wp\/v2\/users\/1"}],"replies":[{"embeddable":true,"href":"https:\/\/riverbridge.me\/sr\/wp-json\/wp\/v2\/comments?post=500"}],"version-history":[{"count":24,"href":"https:\/\/riverbridge.me\/sr\/wp-json\/wp\/v2\/pages\/500\/revisions"}],"predecessor-version":[{"id":3691,"href":"https:\/\/riverbridge.me\/sr\/wp-json\/wp\/v2\/pages\/500\/revisions\/3691"}],"wp:featuredmedia":[{"embeddable":true,"href":"https:\/\/riverbridge.me\/sr\/wp-json\/wp\/v2\/media\/3532"}],"wp:attachment":[{"href":"https:\/\/riverbridge.me\/sr\/wp-json\/wp\/v2\/media?parent=500"}],"curies":[{"name":"wp","href":"https:\/\/api.w.org\/{rel}","templated":true}]}}