{"id":3696,"date":"2026-04-14T11:42:02","date_gmt":"2026-04-14T09:42:02","guid":{"rendered":"https:\/\/river.mojsmestaj.rs\/?page_id=3696"},"modified":"2026-04-17T11:32:18","modified_gmt":"2026-04-17T09:32:18","slug":"aktivnosti","status":"publish","type":"page","link":"https:\/\/riverbridge.me\/sr\/aktivnosti\/","title":{"rendered":"Aktivnosti"},"content":{"rendered":"\n<p><strong>Uz udoban smje\u0161taj i vrhunski \u00e0 la carte restoran, ponosno nudimo i bogat izbor aktivnosti u jednom od najljep\u0161ih predjela Nacionalnog parka Durmitor, te smo posrednici u organizovanju tih aktivnosti<\/strong>.<\/p>\n\n\n\n<p>Za sve dodatne informacije ili rezervacije aktivnosti unaprijed, slobodno nas kontaktirajte. Na\u0161 tim vam stoji na raspolaganju kako bi sve bilo organizovano prije va\u0161eg dolaska.<\/p>\n\n\n\n<p>Ukoliko imate posebne zahtjeve ili vam je potrebna dodatna pomo\u0107, mo\u017eete nas kontaktirati putem e-maila:&nbsp;<a href=\"mailto:info@riverbridge.me\" target=\"_blank\" rel=\"noreferrer noopener\">info@riverbridge.me<\/a>. Bi\u0107e nam zadovoljstvo da va\u0161 boravak u\u010dinimo \u0161to prijatnijim.<\/p>\n\n\n\n<p><\/p>\n","protected":false},"excerpt":{"rendered":"<p>Uz udoban smje\u0161taj i vrhunski \u00e0 la carte restoran, ponosno nudimo i bogat izbor aktivnosti u jednom od najljep\u0161ih predjela Nacionalnog parka Durmitor, te smo posrednici u organizovanju tih aktivnosti. Za sve dodatne informacije ili rezervacije aktivnosti unaprijed, slobodno nas kontaktirajte. Na\u0161 tim vam stoji na raspolaganju kako bi sve bilo organizovano prije va\u0161eg dolaska. [&hellip;]<\/p>\n","protected":false},"author":1,"featured_media":3704,"parent":0,"menu_order":0,"comment_status":"closed","ping_status":"closed","template":"templates\/template-locations.php","meta":{"footnotes":""},"class_list":["post-3696","page","type-page","status-publish","has-post-thumbnail","hentry"],"acf":[],"_links":{"self":[{"href":"https:\/\/riverbridge.me\/sr\/wp-json\/wp\/v2\/pages\/3696","targetHints":{"allow":["GET"]}}],"collection":[{"href":"https:\/\/riverbridge.me\/sr\/wp-json\/wp\/v2\/pages"}],"about":[{"href":"https:\/\/riverbridge.me\/sr\/wp-json\/wp\/v2\/types\/page"}],"author":[{"embeddable":true,"href":"https:\/\/riverbridge.me\/sr\/wp-json\/wp\/v2\/users\/1"}],"replies":[{"embeddable":true,"href":"https:\/\/riverbridge.me\/sr\/wp-json\/wp\/v2\/comments?post=3696"}],"version-history":[{"count":12,"href":"https:\/\/riverbridge.me\/sr\/wp-json\/wp\/v2\/pages\/3696\/revisions"}],"predecessor-version":[{"id":3750,"href":"https:\/\/riverbridge.me\/sr\/wp-json\/wp\/v2\/pages\/3696\/revisions\/3750"}],"wp:featuredmedia":[{"embeddable":true,"href":"https:\/\/riverbridge.me\/sr\/wp-json\/wp\/v2\/media\/3704"}],"wp:attachment":[{"href":"https:\/\/riverbridge.me\/sr\/wp-json\/wp\/v2\/media?parent=3696"}],"curies":[{"name":"wp","href":"https:\/\/api.w.org\/{rel}","templated":true}]}}